{"id":708,"date":"2020-09-19T17:42:31","date_gmt":"2020-09-19T17:42:31","guid":{"rendered":"http:\/\/endogene.fr\/?page_id=708"},"modified":"2020-09-20T17:24:08","modified_gmt":"2020-09-20T17:24:08","slug":"de-lurgence-de-vivre-au-ralenti","status":"publish","type":"page","link":"http:\/\/emmanuellesarrouy.com\/?page_id=708","title":{"rendered":"De l&rsquo;urgence de vivre au ralenti"},"content":{"rendered":"\n<p> Th\u00e9\u00e2tre \/ danse \/ vid\u00e9o<br> Texte : Charlotte Hamer, Emmanuelle Sarrouy<br> Jeu : Charlotte Hamer<br> Image vid\u00e9o : Emmanuelle Sarrouy<br> Mise-en-sc\u00e8ne : Charlotte Hamer<br> Projet en \u00e9criture<br><br> Elle l\u2019avait dit<br> Avant le confinement g\u00e9n\u00e9ralis\u00e9<br> Qu\u2019il \u00e9tait urgent de vivre au ralenti<br> Mais \u00e0 quel prix !<br> Qu\u2019il \u00e9tait urgent de vivre au ralenti mais<br> L\u2019avaient-ils compris ?<br> C\u2019est le printemps aujourd\u2019hui<br> Dehors les fleurs s\u2019envolent en farandole<br> Et sur la chaise longue elle s\u2019est assoupie<\/p>\n\n\n\n<figure class=\"wp-block-image size-large\"><a href=\"https:\/\/vimeo.com\/400583736\" target=\"_blank\" rel=\"noreferrer noopener\"><img decoding=\"async\" loading=\"lazy\" width=\"889\" height=\"483\" src=\"http:\/\/endogene.fr\/wp-content\/uploads\/2020\/09\/De_lurgence_de_vivre_au_ralenti_2.png\" alt=\"\" class=\"wp-image-727\" srcset=\"http:\/\/emmanuellesarrouy.com\/wp-content\/uploads\/2020\/09\/De_lurgence_de_vivre_au_ralenti_2.png 889w, http:\/\/emmanuellesarrouy.com\/wp-content\/uploads\/2020\/09\/De_lurgence_de_vivre_au_ralenti_2-300x163.png 300w, http:\/\/emmanuellesarrouy.com\/wp-content\/uploads\/2020\/09\/De_lurgence_de_vivre_au_ralenti_2-768x417.png 768w\" sizes=\"(max-width: 767px) 89vw, (max-width: 1000px) 54vw, (max-width: 1071px) 543px, 580px\" \/><\/a><figcaption>De l&rsquo;urgence de vivre au ralenti &#8211; work in progress, 2020<\/figcaption><\/figure>\n","protected":false},"excerpt":{"rendered":"<p>Th\u00e9\u00e2tre \/ danse \/ vid\u00e9o Texte : Charlotte Hamer, Emmanuelle Sarrouy Jeu : Charlotte Hamer Image vid\u00e9o : Emmanuelle Sarrouy Mise-en-sc\u00e8ne : Charlotte Hamer Projet en \u00e9criture Elle l\u2019avait dit Avant le confinement g\u00e9n\u00e9ralis\u00e9 Qu\u2019il \u00e9tait urgent de vivre au ralenti Mais \u00e0 quel prix ! Qu\u2019il \u00e9tait urgent de vivre au ralenti mais L\u2019avaient-ils &hellip; <\/p>\n<p class=\"link-more\"><a href=\"http:\/\/emmanuellesarrouy.com\/?page_id=708\" class=\"more-link\">Continuer la lecture<span class=\"screen-reader-text\"> de &laquo;&nbsp;De l&rsquo;urgence de vivre au ralenti&nbsp;&raquo;<\/span><\/a><\/p>\n","protected":false},"author":1,"featured_media":0,"parent":0,"menu_order":0,"comment_status":"closed","ping_status":"closed","template":"","meta":[],"_links":{"self":[{"href":"http:\/\/emmanuellesarrouy.com\/index.php?rest_route=\/wp\/v2\/pages\/708"}],"collection":[{"href":"http:\/\/emmanuellesarrouy.com\/index.php?rest_route=\/wp\/v2\/pages"}],"about":[{"href":"http:\/\/emmanuellesarrouy.com\/index.php?rest_route=\/wp\/v2\/types\/page"}],"author":[{"embeddable":true,"href":"http:\/\/emmanuellesarrouy.com\/index.php?rest_route=\/wp\/v2\/users\/1"}],"replies":[{"embeddable":true,"href":"http:\/\/emmanuellesarrouy.com\/index.php?rest_route=%2Fwp%2Fv2%2Fcomments&post=708"}],"version-history":[{"count":3,"href":"http:\/\/emmanuellesarrouy.com\/index.php?rest_route=\/wp\/v2\/pages\/708\/revisions"}],"predecessor-version":[{"id":731,"href":"http:\/\/emmanuellesarrouy.com\/index.php?rest_route=\/wp\/v2\/pages\/708\/revisions\/731"}],"wp:attachment":[{"href":"http:\/\/emmanuellesarrouy.com\/index.php?rest_route=%2Fwp%2Fv2%2Fmedia&parent=708"}],"curies":[{"name":"wp","href":"https:\/\/api.w.org\/{rel}","templated":true}]}}