{"id":714,"date":"2020-09-19T17:46:26","date_gmt":"2020-09-19T17:46:26","guid":{"rendered":"http:\/\/endogene.fr\/?page_id=714"},"modified":"2020-09-19T17:46:26","modified_gmt":"2020-09-19T17:46:26","slug":"persikov-le-chemin-des-fleurs","status":"publish","type":"page","link":"http:\/\/emmanuellesarrouy.com\/?page_id=714","title":{"rendered":"PERSIKOV (\u2026 le chemin des fleurs)"},"content":{"rendered":"\n<p> Performance dans\u00e9e et lecture<br> Danseuse : Emilie Garetier<br> Guitare : Fr\u00e9d\u00e9ric Salles<br> Image vid\u00e9o : Emmanuelle Sarrouy<br> Autrice : Emmanuelle Sarrouy<br> Mise en sc\u00e8ne : Jean Paul Nogu\u00e8s<br> Projet en d\u00e9veloppement<br><br>C\u2019est une qu\u00eate de l\u2019enfance, un m\u00e9tissage permanent entre caprice et veduta, une g\u00e9n\u00e9alogie fantasm\u00e9e entre les images du cin\u00e9ma, les pages de la litt\u00e9rature, la culture blanche dans laquelle je suis n\u00e9e et la culture noire d\u2019o\u00f9 viennent mes enfants, et \u00e0 laquelle je suis \u00e9ternellement li\u00e9e. C\u2019est une qu\u00eate de voyage, le regard tourn\u00e9, toujours, vers la mer. Comme un vol d\u2019oiseau migrateur.<\/p>\n","protected":false},"excerpt":{"rendered":"<p>Performance dans\u00e9e et lecture Danseuse : Emilie Garetier Guitare : Fr\u00e9d\u00e9ric Salles Image vid\u00e9o : Emmanuelle Sarrouy Autrice : Emmanuelle Sarrouy Mise en sc\u00e8ne : Jean Paul Nogu\u00e8s Projet en d\u00e9veloppement C\u2019est une qu\u00eate de l\u2019enfance, un m\u00e9tissage permanent entre caprice et veduta, une g\u00e9n\u00e9alogie fantasm\u00e9e entre les images du cin\u00e9ma, les pages de la &hellip; <\/p>\n<p class=\"link-more\"><a href=\"http:\/\/emmanuellesarrouy.com\/?page_id=714\" class=\"more-link\">Continuer la lecture<span class=\"screen-reader-text\"> de &laquo;&nbsp;PERSIKOV (\u2026 le chemin des fleurs)&nbsp;&raquo;<\/span><\/a><\/p>\n","protected":false},"author":1,"featured_media":0,"parent":0,"menu_order":0,"comment_status":"closed","ping_status":"closed","template":"","meta":[],"_links":{"self":[{"href":"http:\/\/emmanuellesarrouy.com\/index.php?rest_route=\/wp\/v2\/pages\/714"}],"collection":[{"href":"http:\/\/emmanuellesarrouy.com\/index.php?rest_route=\/wp\/v2\/pages"}],"about":[{"href":"http:\/\/emmanuellesarrouy.com\/index.php?rest_route=\/wp\/v2\/types\/page"}],"author":[{"embeddable":true,"href":"http:\/\/emmanuellesarrouy.com\/index.php?rest_route=\/wp\/v2\/users\/1"}],"replies":[{"embeddable":true,"href":"http:\/\/emmanuellesarrouy.com\/index.php?rest_route=%2Fwp%2Fv2%2Fcomments&post=714"}],"version-history":[{"count":1,"href":"http:\/\/emmanuellesarrouy.com\/index.php?rest_route=\/wp\/v2\/pages\/714\/revisions"}],"predecessor-version":[{"id":715,"href":"http:\/\/emmanuellesarrouy.com\/index.php?rest_route=\/wp\/v2\/pages\/714\/revisions\/715"}],"wp:attachment":[{"href":"http:\/\/emmanuellesarrouy.com\/index.php?rest_route=%2Fwp%2Fv2%2Fmedia&parent=714"}],"curies":[{"name":"wp","href":"https:\/\/api.w.org\/{rel}","templated":true}]}}